{"id":47,"date":"2023-05-11T14:46:13","date_gmt":"2023-05-11T14:46:13","guid":{"rendered":"https:\/\/www.theredpepperhouse.com\/es\/?page_id=47"},"modified":"2023-05-11T21:53:44","modified_gmt":"2023-05-11T21:53:44","slug":"la-comunidad","status":"publish","type":"page","link":"https:\/\/www.theredpepperhouse.com\/es\/en\/la-comunidad\/","title":{"rendered":"Community"},"content":{"rendered":"<div data-elementor-type=\"wp-page\" data-elementor-id=\"47\" class=\"elementor elementor-47\" data-elementor-post-type=\"page\">\n\t\t\t\t\t\t<section class=\"elementor-section elementor-top-section elementor-element elementor-element-ab56976 elementor-section-height-full elementor-section-content-middle elementor-section-boxed elementor-section-height-default elementor-section-items-middle\" data-id=\"ab56976\" data-element_type=\"section\" data-settings=\"{&quot;background_background&quot;:&quot;classic&quot;}\">\n\t\t\t\t\t\t\t<div class=\"elementor-background-overlay\"><\/div>\n\t\t\t\t\t\t\t<div class=\"elementor-container elementor-column-gap-default\">\n\t\t\t\t\t<div class=\"elementor-column elementor-col-100 elementor-top-column elementor-element elementor-element-50f0267e\" data-id=\"50f0267e\" data-element_type=\"column\">\n\t\t\t<div class=\"elementor-widget-wrap elementor-element-populated\">\n\t\t\t\t\t\t<div class=\"elementor-element elementor-element-288d2654 elementor-widget elementor-widget-heading\" data-id=\"288d2654\" data-element_type=\"widget\" data-widget_type=\"heading.default\">\n\t\t\t\t<div class=\"elementor-widget-container\">\n\t\t\t\t\t<h2 class=\"elementor-heading-title elementor-size-default\">&#034;The Community&#034;<\/h2>\t\t\t\t<\/div>\n\t\t\t\t<\/div>\n\t\t\t\t\t<\/div>\n\t\t<\/div>\n\t\t\t\t\t<\/div>\n\t\t<\/section>\n\t\t\t\t<section class=\"elementor-section elementor-top-section elementor-element elementor-element-301bcb0a elementor-section-boxed elementor-section-height-default elementor-section-height-default\" data-id=\"301bcb0a\" data-element_type=\"section\">\n\t\t\t\t\t\t<div class=\"elementor-container elementor-column-gap-default\">\n\t\t\t\t\t<div class=\"elementor-column elementor-col-100 elementor-top-column elementor-element elementor-element-5b269ea3\" data-id=\"5b269ea3\" data-element_type=\"column\">\n\t\t\t<div class=\"elementor-widget-wrap elementor-element-populated\">\n\t\t\t\t\t\t<div class=\"elementor-element elementor-element-54949bc6 elementor-widget elementor-widget-text-editor\" data-id=\"54949bc6\" data-element_type=\"widget\" data-widget_type=\"text-editor.default\">\n\t\t\t\t<div class=\"elementor-widget-container\">\n\t\t\t\t\t\t\t\t\t<p>Community<\/p>\t\t\t\t\t\t\t\t<\/div>\n\t\t\t\t<\/div>\n\t\t\t\t\t<\/div>\n\t\t<\/div>\n\t\t\t\t\t<\/div>\n\t\t<\/section>\n\t\t\t\t<section class=\"elementor-section elementor-top-section elementor-element elementor-element-1eaf6c84 elementor-section-boxed elementor-section-height-default elementor-section-height-default\" data-id=\"1eaf6c84\" data-element_type=\"section\">\n\t\t\t\t\t\t<div class=\"elementor-container elementor-column-gap-default\">\n\t\t\t\t\t<div class=\"elementor-column elementor-col-100 elementor-top-column elementor-element elementor-element-7bea51b0\" data-id=\"7bea51b0\" data-element_type=\"column\">\n\t\t\t<div class=\"elementor-widget-wrap elementor-element-populated\">\n\t\t\t\t\t\t<div class=\"elementor-element elementor-element-42604cac elementor-widget elementor-widget-text-editor\" data-id=\"42604cac\" data-element_type=\"widget\" data-widget_type=\"text-editor.default\">\n\t\t\t\t<div class=\"elementor-widget-container\">\n\t\t\t\t\t\t\t\t\t<p>The Red Pepper House is born from the union of a wonderful idea of Spanish architect Urko Sanchez, an expert on the traditions and architectural techniques local, and a request from the owners to do something really unique, influenced by the style of life in swahili and african, in order to attract tourists and to promote this wonderful place.<\/p><p>In The Red Pepper House we believe that Africa gives us a lot of satisfaction and tourism should have a positive impact on the community in several ways:<\/p>\t\t\t\t\t\t\t\t<\/div>\n\t\t\t\t<\/div>\n\t\t\t\t\t<\/div>\n\t\t<\/div>\n\t\t\t\t\t<\/div>\n\t\t<\/section>\n\t\t\t\t<section class=\"elementor-section elementor-top-section elementor-element elementor-element-ec08f76 elementor-section-boxed elementor-section-height-default elementor-section-height-default\" data-id=\"ec08f76\" data-element_type=\"section\">\n\t\t\t\t\t\t<div class=\"elementor-container elementor-column-gap-default\">\n\t\t\t\t\t<div class=\"elementor-column elementor-col-100 elementor-top-column elementor-element elementor-element-fb42804\" data-id=\"fb42804\" data-element_type=\"column\">\n\t\t\t<div class=\"elementor-widget-wrap elementor-element-populated\">\n\t\t\t\t\t\t<div class=\"elementor-element elementor-element-563d56d5 elementor-widget elementor-widget-menu-anchor\" data-id=\"563d56d5\" data-element_type=\"widget\" data-widget_type=\"menu-anchor.default\">\n\t\t\t\t<div class=\"elementor-widget-container\">\n\t\t\t\t\t\t\t<div class=\"elementor-menu-anchor\" id=\"personal\"><\/div>\n\t\t\t\t\t\t<\/div>\n\t\t\t\t<\/div>\n\t\t\t\t<div class=\"elementor-element elementor-element-ee516c5 elementor-widget elementor-widget-text-editor\" data-id=\"ee516c5\" data-element_type=\"widget\" data-widget_type=\"text-editor.default\">\n\t\t\t\t<div class=\"elementor-widget-container\">\n\t\t\t\t\t\t\t\t\t<p>Our Staff<\/p>\t\t\t\t\t\t\t\t<\/div>\n\t\t\t\t<\/div>\n\t\t\t\t<div class=\"elementor-element elementor-element-21e6c18b elementor-widget elementor-widget-shortcode\" data-id=\"21e6c18b\" data-element_type=\"widget\" data-widget_type=\"shortcode.default\">\n\t\t\t\t<div class=\"elementor-widget-container\">\n\t\t\t\t\t\t\t<div class=\"elementor-shortcode\">\n\t\t\t<!-- START comunidad2 REVOLUTION SLIDER 6.7.35 --><p class=\"rs-p-wp-fix\"><\/p>\n\t\t\t<rs-module-wrap id=\"rev_slider_19_1_wrapper\" data-source=\"gallery\" style=\"visibility:hidden;background:transparent;padding:0;margin:0px auto;margin-top:0;margin-bottom:0;\">\n\t\t\t\t<rs-module id=\"rev_slider_19_1\" style=\"\" data-version=\"6.7.35\">\n\t\t\t\t\t<rs-slides style=\"overflow: hidden; position: absolute;\">\n\t\t\t\t\t\t<rs-slide style=\"position: absolute;\" data-key=\"rs-91\" data-title=\"Slide\" data-thumb=\"\/\/www.theredpepperhouse.com\/test\/wp-content\/uploads\/2017\/02\/personal2.jpg\" data-anim=\"adpr:false;\">\n\t\t\t\t\t\t\t<img decoding=\"async\" src=\"\/\/www.theredpepperhouse.com\/es\/wp-content\/plugins\/revslider\/sr6\/assets\/assets\/dummy.png\" alt=\"\" title=\"Community\" class=\"rev-slidebg tp-rs-img rs-lazyload\" data-lazyload=\"\/\/www.theredpepperhouse.com\/test\/wp-content\/uploads\/2017\/02\/personal2.jpg\" data-no-retina>\n<!---->\t\t\t\t\t<\/rs-slide>\n\t\t\t\t\t\t<rs-slide style=\"position: absolute;\" data-key=\"rs-92\" data-title=\"Slide\" data-thumb=\"\/\/www.theredpepperhouse.com\/test\/wp-content\/uploads\/2017\/02\/personal1.jpg\" data-anim=\"adpr:false;\">\n\t\t\t\t\t\t\t<img decoding=\"async\" src=\"\/\/www.theredpepperhouse.com\/es\/wp-content\/plugins\/revslider\/sr6\/assets\/assets\/dummy.png\" alt=\"\" title=\"Community\" class=\"rev-slidebg tp-rs-img rs-lazyload\" data-lazyload=\"\/\/www.theredpepperhouse.com\/test\/wp-content\/uploads\/2017\/02\/personal1.jpg\" data-no-retina>\n<!---->\t\t\t\t\t<\/rs-slide>\n\t\t\t\t\t\t<rs-slide style=\"position: absolute;\" data-key=\"rs-93\" data-title=\"Slide\" data-thumb=\"\/\/www.theredpepperhouse.com\/test\/wp-content\/uploads\/2017\/02\/personal3.jpg\" data-anim=\"adpr:false;\">\n\t\t\t\t\t\t\t<img decoding=\"async\" src=\"\/\/www.theredpepperhouse.com\/es\/wp-content\/plugins\/revslider\/sr6\/assets\/assets\/dummy.png\" alt=\"\" title=\"Community\" class=\"rev-slidebg tp-rs-img rs-lazyload\" data-lazyload=\"\/\/www.theredpepperhouse.com\/test\/wp-content\/uploads\/2017\/02\/personal3.jpg\" data-no-retina>\n<!---->\t\t\t\t\t<\/rs-slide>\n\t\t\t\t\t<\/rs-slides>\n\t\t\t\t<\/rs-module>\n\t\t\t\t<script>\n\t\t\t\t\tsetREVStartSize({c: 'rev_slider_19_1',rl:[1240,1024,778,480],el:[],gw:[1240],gh:[868],type:'standard',justify:'',layout:'fullwidth',mh:\"0\"});if (window.RS_MODULES!==undefined && window.RS_MODULES.modules!==undefined && window.RS_MODULES.modules[\"revslider191\"]!==undefined) {window.RS_MODULES.modules[\"revslider191\"].once = false;window.revapi19 = undefined;if (window.RS_MODULES.checkMinimal!==undefined) window.RS_MODULES.checkMinimal()}\n\t\t\t\t<\/script>\n\t\t\t<\/rs-module-wrap>\n\t\t\t<!-- END REVOLUTION SLIDER -->\n<\/div>\n\t\t\t\t\t\t<\/div>\n\t\t\t\t<\/div>\n\t\t\t\t<div class=\"elementor-element elementor-element-7346aaeb elementor-widget elementor-widget-spacer\" data-id=\"7346aaeb\" data-element_type=\"widget\" data-widget_type=\"spacer.default\">\n\t\t\t\t<div class=\"elementor-widget-container\">\n\t\t\t\t\t\t\t<div class=\"elementor-spacer\">\n\t\t\t<div class=\"elementor-spacer-inner\"><\/div>\n\t\t<\/div>\n\t\t\t\t\t\t<\/div>\n\t\t\t\t<\/div>\n\t\t\t\t<div class=\"elementor-element elementor-element-5e46fab8 elementor-widget elementor-widget-text-editor\" data-id=\"5e46fab8\" data-element_type=\"widget\" data-widget_type=\"text-editor.default\">\n\t\t\t\t<div class=\"elementor-widget-container\">\n\t\t\t\t\t\t\t\t\t<p>Respect, motivation and training<\/p><p>The greater part of the staff that attends the house are native to Lamu or its environment, we do a great effort in his training with a relationship of deep respect and motivation, with wages that allow them to keep in perfect condition for their families and save.<\/p><p>The area of the staff called in swahili &#034;KIJIJI KIDOGO&#034; was constructed so that they could work in a facility comparable to those in europe, all over the world that visit said that they had never seen a place so care workers in Kenya, it is a kind of street Swahili, Sudanese or Omani, with accommodations and facilities of laundry, kitchens, etc, which ends up in the water tower to mosque or church symbolic.<\/p>\t\t\t\t\t\t\t\t<\/div>\n\t\t\t\t<\/div>\n\t\t\t\t\t<\/div>\n\t\t<\/div>\n\t\t\t\t\t<\/div>\n\t\t<\/section>\n\t\t\t\t<section class=\"elementor-section elementor-top-section elementor-element elementor-element-7e4a561d elementor-section-boxed elementor-section-height-default elementor-section-height-default\" data-id=\"7e4a561d\" data-element_type=\"section\">\n\t\t\t\t\t\t<div class=\"elementor-container elementor-column-gap-default\">\n\t\t\t\t\t<div class=\"elementor-column elementor-col-100 elementor-top-column elementor-element elementor-element-2306116a\" data-id=\"2306116a\" data-element_type=\"column\">\n\t\t\t<div class=\"elementor-widget-wrap elementor-element-populated\">\n\t\t\t\t\t\t<div class=\"elementor-element elementor-element-343d57b7 elementor-widget elementor-widget-menu-anchor\" data-id=\"343d57b7\" data-element_type=\"widget\" data-widget_type=\"menu-anchor.default\">\n\t\t\t\t<div class=\"elementor-widget-container\">\n\t\t\t\t\t\t\t<div class=\"elementor-menu-anchor\" id=\"comunidad\"><\/div>\n\t\t\t\t\t\t<\/div>\n\t\t\t\t<\/div>\n\t\t\t\t<div class=\"elementor-element elementor-element-7f32a403 elementor-widget elementor-widget-text-editor\" data-id=\"7f32a403\" data-element_type=\"widget\" data-widget_type=\"text-editor.default\">\n\t\t\t\t<div class=\"elementor-widget-container\">\n\t\t\t\t\t\t\t\t\t<p>Community<\/p>\t\t\t\t\t\t\t\t<\/div>\n\t\t\t\t<\/div>\n\t\t\t\t<div class=\"elementor-element elementor-element-2ee535f4 elementor-widget elementor-widget-shortcode\" data-id=\"2ee535f4\" data-element_type=\"widget\" data-widget_type=\"shortcode.default\">\n\t\t\t\t<div class=\"elementor-widget-container\">\n\t\t\t\t\t\t\t<div class=\"elementor-shortcode\">\n\t\t\t<!-- START Comunidad REVOLUTION SLIDER 6.7.35 --><p class=\"rs-p-wp-fix\"><\/p>\n\t\t\t<rs-module-wrap id=\"rev_slider_18_2_wrapper\" data-source=\"gallery\" style=\"visibility:hidden;background:transparent;padding:0;margin:0px auto;margin-top:0;margin-bottom:0;\">\n\t\t\t\t<rs-module id=\"rev_slider_18_2\" style=\"\" data-version=\"6.7.35\">\n\t\t\t\t\t<rs-slides style=\"overflow: hidden; position: absolute;\">\n\t\t\t\t\t\t<rs-slide style=\"position: absolute;\" data-key=\"rs-86\" data-title=\"Slide\" data-thumb=\"\/\/www.theredpepperhouse.com\/test\/wp-content\/uploads\/2017\/02\/anida4.jpg\" data-anim=\"adpr:false;\">\n\t\t\t\t\t\t\t<img decoding=\"async\" src=\"\/\/www.theredpepperhouse.com\/es\/wp-content\/plugins\/revslider\/sr6\/assets\/assets\/dummy.png\" alt=\"\" title=\"Community\" class=\"rev-slidebg tp-rs-img rs-lazyload\" data-lazyload=\"\/\/www.theredpepperhouse.com\/test\/wp-content\/uploads\/2017\/02\/anida4.jpg\" data-no-retina>\n<!---->\t\t\t\t\t<\/rs-slide>\n\t\t\t\t\t\t<rs-slide style=\"position: absolute;\" data-key=\"rs-87\" data-title=\"Slide\" data-thumb=\"\/\/www.theredpepperhouse.com\/test\/wp-content\/uploads\/2017\/02\/anida1.jpg\" data-anim=\"adpr:false;\">\n\t\t\t\t\t\t\t<img decoding=\"async\" src=\"\/\/www.theredpepperhouse.com\/es\/wp-content\/plugins\/revslider\/sr6\/assets\/assets\/dummy.png\" alt=\"\" title=\"Community\" class=\"rev-slidebg tp-rs-img rs-lazyload\" data-lazyload=\"\/\/www.theredpepperhouse.com\/test\/wp-content\/uploads\/2017\/02\/anida1.jpg\" data-no-retina>\n<!---->\t\t\t\t\t<\/rs-slide>\n\t\t\t\t\t\t<rs-slide style=\"position: absolute;\" data-key=\"rs-88\" data-title=\"Slide\" data-thumb=\"\/\/www.theredpepperhouse.com\/test\/wp-content\/uploads\/2017\/02\/anida2.jpg\" data-anim=\"adpr:false;\">\n\t\t\t\t\t\t\t<img decoding=\"async\" src=\"\/\/www.theredpepperhouse.com\/es\/wp-content\/plugins\/revslider\/sr6\/assets\/assets\/dummy.png\" alt=\"\" title=\"Community\" class=\"rev-slidebg tp-rs-img rs-lazyload\" data-lazyload=\"\/\/www.theredpepperhouse.com\/test\/wp-content\/uploads\/2017\/02\/anida2.jpg\" data-no-retina>\n<!---->\t\t\t\t\t<\/rs-slide>\n\t\t\t\t\t\t<rs-slide style=\"position: absolute;\" data-key=\"rs-89\" data-title=\"Slide\" data-thumb=\"\/\/www.theredpepperhouse.com\/test\/wp-content\/uploads\/2017\/02\/anida3.jpg\" data-anim=\"adpr:false;\">\n\t\t\t\t\t\t\t<img decoding=\"async\" src=\"\/\/www.theredpepperhouse.com\/es\/wp-content\/plugins\/revslider\/sr6\/assets\/assets\/dummy.png\" alt=\"\" title=\"Community\" class=\"rev-slidebg tp-rs-img rs-lazyload\" data-lazyload=\"\/\/www.theredpepperhouse.com\/test\/wp-content\/uploads\/2017\/02\/anida3.jpg\" data-no-retina>\n<!---->\t\t\t\t\t<\/rs-slide>\n\t\t\t\t\t\t<rs-slide style=\"position: absolute;\" data-key=\"rs-90\" data-title=\"Slide\" data-thumb=\"\/\/www.theredpepperhouse.com\/test\/wp-content\/uploads\/2017\/02\/anida5.jpg\" data-anim=\"adpr:false;\">\n\t\t\t\t\t\t\t<img decoding=\"async\" src=\"\/\/www.theredpepperhouse.com\/es\/wp-content\/plugins\/revslider\/sr6\/assets\/assets\/dummy.png\" alt=\"\" title=\"Community\" class=\"rev-slidebg tp-rs-img rs-lazyload\" data-lazyload=\"\/\/www.theredpepperhouse.com\/test\/wp-content\/uploads\/2017\/02\/anida5.jpg\" data-no-retina>\n<!---->\t\t\t\t\t<\/rs-slide>\n\t\t\t\t\t<\/rs-slides>\n\t\t\t\t<\/rs-module>\n\t\t\t\t<script>\n\t\t\t\t\tsetREVStartSize({c: 'rev_slider_18_2',rl:[1240,1024,778,480],el:[],gw:[1240],gh:[868],type:'standard',justify:'',layout:'fullwidth',mh:\"0\"});if (window.RS_MODULES!==undefined && window.RS_MODULES.modules!==undefined && window.RS_MODULES.modules[\"revslider182\"]!==undefined) {window.RS_MODULES.modules[\"revslider182\"].once = false;window.revapi18 = undefined;if (window.RS_MODULES.checkMinimal!==undefined) window.RS_MODULES.checkMinimal()}\n\t\t\t\t<\/script>\n\t\t\t<\/rs-module-wrap>\n\t\t\t<!-- END REVOLUTION SLIDER -->\n<\/div>\n\t\t\t\t\t\t<\/div>\n\t\t\t\t<\/div>\n\t\t\t\t<div class=\"elementor-element elementor-element-6196b315 elementor-widget elementor-widget-spacer\" data-id=\"6196b315\" data-element_type=\"widget\" data-widget_type=\"spacer.default\">\n\t\t\t\t<div class=\"elementor-widget-container\">\n\t\t\t\t\t\t\t<div class=\"elementor-spacer\">\n\t\t\t<div class=\"elementor-spacer-inner\"><\/div>\n\t\t<\/div>\n\t\t\t\t\t\t<\/div>\n\t\t\t\t<\/div>\n\t\t\t\t<div class=\"elementor-element elementor-element-1bbf16d4 elementor-widget elementor-widget-text-editor\" data-id=\"1bbf16d4\" data-element_type=\"widget\" data-widget_type=\"text-editor.default\">\n\t\t\t\t<div class=\"elementor-widget-container\">\n\t\t\t\t\t\t\t\t\t<p>The Red Pepper House considers it an obligation of aid and collaboration with the community, in addition to the indirect employment is generated in the home, such as fishing, maintenance, etc, works with Nest NGO that deals with more than 250 children with soup kitchens, schools and hospital, a nearby village called wyoni and a tribe borana.<\/p><p>We have dump fully with Nest, a small NGO founded by Rafael Selas a spaniard, who left everything for the children, because there are practically no administrative costs or structure, the 98% of what you donate reaches out to the children and they will be glad to receive visits from our guests.<\/p><p>Nest addresses the needs of education earning their students with the best grades in the area, nutrition, diets, regular, and adequate health and the Hospital Paul Horstman in Nest that serves a population to a radius of 300 kilometres with different programs of prevention and care.<\/p><p>Among other aid, The red Pepper House has recently built a pavilion for orphan girls who are already enjoying in Nest.<\/p>\t\t\t\t\t\t\t\t<\/div>\n\t\t\t\t<\/div>\n\t\t\t\t<div class=\"elementor-element elementor-element-4dd157d elementor-widget elementor-widget-text-editor\" data-id=\"4dd157d\" data-element_type=\"widget\" data-widget_type=\"text-editor.default\">\n\t\t\t\t<div class=\"elementor-widget-container\">\n\t\t\t\t\t\t\t\t\t<div class=\"vc_row wpb_row vc_row-fluid ut_row_645d624e3d197\"><div class=\"wpb_column vc_column_container vc_col-sm-6\"><div class=\"vc_column-inner\"><div class=\"wpb_wrapper\"><div class=\"wpb_content_element\"><header id=\"ut_header_645d624e3d699\" class=\"section-header pt-style-7 header-center\"><div class=\"lead\"><p>More information of this NGO in:\u00a0 \u00a0 \u00a0 \u00a0 \u00a0 \u00a0 <a class=\"vc_single_image-wrapper vc_box_border_grey\" href=\"http:\/\/www.anidan.org\/\" target=\"_blank\" rel=\"noopener\"><img decoding=\"async\" class=\"vc_single_image-img attachment-thumbnail aligncenter\" src=\"https:\/\/www.theredpepperhouse.com\/es\/wp-content\/uploads\/2017\/01\/anidan-150x150.jpg\" alt=\"\" width=\"150\" height=\"150\" \/><\/a><\/p><\/div><\/header><\/div><\/div><\/div><\/div><\/div><div class=\"vc_row wpb_row vc_row-fluid ut_row_645d624e3e605\"><div class=\"wpb_column vc_column_container vc_col-sm-12\"><div class=\"vc_column-inner\"><div class=\"wpb_wrapper\"><div class=\"wpb_content_element\"><header id=\"ut_header_645d624e3ea5a\" class=\"section-header pt-style-7 header-center\"><div class=\"lead\"><p>Near the house is the village of Wyoni with which we collaborate in the cleaning and waste collection and provide water to families in need.<\/p><\/div><\/header><\/div><\/div><\/div><\/div><\/div>\t\t\t\t\t\t\t\t<\/div>\n\t\t\t\t<\/div>\n\t\t\t\t\t<\/div>\n\t\t<\/div>\n\t\t\t\t\t<\/div>\n\t\t<\/section>\n\t\t\t\t<section class=\"elementor-section elementor-top-section elementor-element elementor-element-114ce3bc elementor-section-boxed elementor-section-height-default elementor-section-height-default\" data-id=\"114ce3bc\" data-element_type=\"section\">\n\t\t\t\t\t\t<div class=\"elementor-container elementor-column-gap-default\">\n\t\t\t\t\t<div class=\"elementor-column elementor-col-100 elementor-top-column elementor-element elementor-element-3765930a\" data-id=\"3765930a\" data-element_type=\"column\">\n\t\t\t<div class=\"elementor-widget-wrap elementor-element-populated\">\n\t\t\t\t\t\t<div class=\"elementor-element elementor-element-1accaf3a elementor-widget elementor-widget-text-editor\" data-id=\"1accaf3a\" data-element_type=\"widget\" data-widget_type=\"text-editor.default\">\n\t\t\t\t<div class=\"elementor-widget-container\">\n\t\t\t\t\t\t\t\t\t<p>Ecology<\/p>\t\t\t\t\t\t\t\t<\/div>\n\t\t\t\t<\/div>\n\t\t\t\t<div class=\"elementor-element elementor-element-10be5870 elementor-widget elementor-widget-text-editor\" data-id=\"10be5870\" data-element_type=\"widget\" data-widget_type=\"text-editor.default\">\n\t\t\t\t<div class=\"elementor-widget-container\">\n\t\t\t\t\t\t\t\t\t<p>The Red Pepper House seeks to achieve the maximum level of comfort for guests with a minimum impact posing a challenge for the owners.<\/p><p>We have a team of solar power is the latest generation for the electricity and hot water to get a supply of clean energy.<\/p><p>In the same way, we use all the elements needed to take care of the forest and the beach that surround the hotel, so that we can have a positive impact on the care and maintenance of the same.<\/p>\t\t\t\t\t\t\t\t<\/div>\n\t\t\t\t<\/div>\n\t\t\t\t<div class=\"elementor-element elementor-element-5d7f321d elementor-widget elementor-widget-spacer\" data-id=\"5d7f321d\" data-element_type=\"widget\" data-widget_type=\"spacer.default\">\n\t\t\t\t<div class=\"elementor-widget-container\">\n\t\t\t\t\t\t\t<div class=\"elementor-spacer\">\n\t\t\t<div class=\"elementor-spacer-inner\"><\/div>\n\t\t<\/div>\n\t\t\t\t\t\t<\/div>\n\t\t\t\t<\/div>\n\t\t\t\t\t<\/div>\n\t\t<\/div>\n\t\t\t\t\t<\/div>\n\t\t<\/section>\n\t\t\t\t<\/div>","protected":false},"excerpt":{"rendered":"<p>\u00abLa Comunidad\u00bb La Comunidad The Red Pepper House ha nacido de la uni\u00f3n de una maravillosa idea del arquitecto espa\u00f1ol Urko S\u00e1nchez, experto en las tradiciones y t\u00e9cnicas arquitect\u00f3nicas locales, y de la petici\u00f3n de los propietarios de hacer algo realmente \u00fanico influenciado por el estilo de vida swahili y africano, con el fin de [&hellip;]<\/p>","protected":false},"author":1,"featured_media":0,"parent":0,"menu_order":0,"comment_status":"closed","ping_status":"closed","template":"elementor_header_footer","meta":{"footnotes":""},"class_list":["post-47","page","type-page","status-publish","hentry"],"_links":{"self":[{"href":"https:\/\/www.theredpepperhouse.com\/es\/en\/wp-json\/wp\/v2\/pages\/47","targetHints":{"allow":["GET"]}}],"collection":[{"href":"https:\/\/www.theredpepperhouse.com\/es\/en\/wp-json\/wp\/v2\/pages"}],"about":[{"href":"https:\/\/www.theredpepperhouse.com\/es\/en\/wp-json\/wp\/v2\/types\/page"}],"author":[{"embeddable":true,"href":"https:\/\/www.theredpepperhouse.com\/es\/en\/wp-json\/wp\/v2\/users\/1"}],"replies":[{"embeddable":true,"href":"https:\/\/www.theredpepperhouse.com\/es\/en\/wp-json\/wp\/v2\/comments?post=47"}],"version-history":[{"count":0,"href":"https:\/\/www.theredpepperhouse.com\/es\/en\/wp-json\/wp\/v2\/pages\/47\/revisions"}],"wp:attachment":[{"href":"https:\/\/www.theredpepperhouse.com\/es\/en\/wp-json\/wp\/v2\/media?parent=47"}],"curies":[{"name":"wp","href":"https:\/\/api.w.org\/{rel}","templated":true}]}}