{"id":49,"date":"2023-05-11T14:46:13","date_gmt":"2023-05-11T14:46:13","guid":{"rendered":"https:\/\/www.theredpepperhouse.com\/es\/?page_id=49"},"modified":"2023-05-12T13:32:33","modified_gmt":"2023-05-12T13:32:33","slug":"servicios-y-tarifas","status":"publish","type":"page","link":"https:\/\/www.theredpepperhouse.com\/es\/servicios-y-tarifas\/","title":{"rendered":"Servicios y Tarifas"},"content":{"rendered":"\t\t<div data-elementor-type=\"wp-page\" data-elementor-id=\"49\" class=\"elementor elementor-49\" data-elementor-post-type=\"page\">\n\t\t\t\t\t\t<section class=\"elementor-section elementor-top-section elementor-element elementor-element-5fd7685 elementor-section-height-full elementor-section-content-middle elementor-section-boxed elementor-section-height-default elementor-section-items-middle\" data-id=\"5fd7685\" data-element_type=\"section\" data-settings=\"{&quot;background_background&quot;:&quot;classic&quot;}\">\n\t\t\t\t\t\t\t<div class=\"elementor-background-overlay\"><\/div>\n\t\t\t\t\t\t\t<div class=\"elementor-container elementor-column-gap-default\">\n\t\t\t\t\t<div class=\"elementor-column elementor-col-100 elementor-top-column elementor-element elementor-element-10aa877c\" data-id=\"10aa877c\" data-element_type=\"column\">\n\t\t\t<div class=\"elementor-widget-wrap elementor-element-populated\">\n\t\t\t\t\t\t<div class=\"elementor-element elementor-element-70ad5293 elementor-widget elementor-widget-heading\" data-id=\"70ad5293\" data-element_type=\"widget\" data-widget_type=\"heading.default\">\n\t\t\t\t<div class=\"elementor-widget-container\">\n\t\t\t\t\t<h2 class=\"elementor-heading-title elementor-size-default\">\"Servicios y Tarifas\"<\/h2>\t\t\t\t<\/div>\n\t\t\t\t<\/div>\n\t\t\t\t\t<\/div>\n\t\t<\/div>\n\t\t\t\t\t<\/div>\n\t\t<\/section>\n\t\t\t\t<section class=\"elementor-section elementor-top-section elementor-element elementor-element-20c4d806 elementor-section-boxed elementor-section-height-default elementor-section-height-default\" data-id=\"20c4d806\" data-element_type=\"section\">\n\t\t\t\t\t\t<div class=\"elementor-container elementor-column-gap-default\">\n\t\t\t\t\t<div class=\"elementor-column elementor-col-100 elementor-top-column elementor-element elementor-element-2989d0c5\" data-id=\"2989d0c5\" data-element_type=\"column\">\n\t\t\t<div class=\"elementor-widget-wrap elementor-element-populated\">\n\t\t\t\t\t\t<div class=\"elementor-element elementor-element-b3cb260 elementor-widget elementor-widget-spacer\" data-id=\"b3cb260\" data-element_type=\"widget\" data-widget_type=\"spacer.default\">\n\t\t\t\t<div class=\"elementor-widget-container\">\n\t\t\t\t\t\t\t<div class=\"elementor-spacer\">\n\t\t\t<div class=\"elementor-spacer-inner\"><\/div>\n\t\t<\/div>\n\t\t\t\t\t\t<\/div>\n\t\t\t\t<\/div>\n\t\t\t\t<div class=\"elementor-element elementor-element-a2e9f2a elementor-widget elementor-widget-menu-anchor\" data-id=\"a2e9f2a\" data-element_type=\"widget\" data-widget_type=\"menu-anchor.default\">\n\t\t\t\t<div class=\"elementor-widget-container\">\n\t\t\t\t\t\t\t<div class=\"elementor-menu-anchor\" id=\"instalaciones\"><\/div>\n\t\t\t\t\t\t<\/div>\n\t\t\t\t<\/div>\n\t\t\t\t<div class=\"elementor-element elementor-element-248a2cfb elementor-widget elementor-widget-text-editor\" data-id=\"248a2cfb\" data-element_type=\"widget\" data-widget_type=\"text-editor.default\">\n\t\t\t\t<div class=\"elementor-widget-container\">\n\t\t\t\t\t\t\t\t\t<p>Instalaciones<\/p>\t\t\t\t\t\t\t\t<\/div>\n\t\t\t\t<\/div>\n\t\t\t\t<div class=\"elementor-element elementor-element-621be50a elementor-widget elementor-widget-text-editor\" data-id=\"621be50a\" data-element_type=\"widget\" data-widget_type=\"text-editor.default\">\n\t\t\t\t<div class=\"elementor-widget-container\">\n\t\t\t\t\t\t\t\t\t<p>* Zona de Comedor<\/p><p>* Zona de Bar<\/p><p>* Zona de Estar<\/p><p>* Piscina con servicio de bar todo el d\u00eda<\/p><p>* Biblioteca con variedad de novelas, revistas y juegos<\/p><p>* Instalaci\u00f3n de luz solar<\/p>\t\t\t\t\t\t\t\t<\/div>\n\t\t\t\t<\/div>\n\t\t\t\t\t<\/div>\n\t\t<\/div>\n\t\t\t\t\t<\/div>\n\t\t<\/section>\n\t\t\t\t<section class=\"elementor-section elementor-top-section elementor-element elementor-element-75768b3 elementor-section-boxed elementor-section-height-default elementor-section-height-default\" data-id=\"75768b3\" data-element_type=\"section\">\n\t\t\t\t\t\t<div class=\"elementor-container elementor-column-gap-default\">\n\t\t\t\t\t<div class=\"elementor-column elementor-col-100 elementor-top-column elementor-element elementor-element-2b700c5\" data-id=\"2b700c5\" data-element_type=\"column\">\n\t\t\t<div class=\"elementor-widget-wrap elementor-element-populated\">\n\t\t\t\t\t\t<div class=\"elementor-element elementor-element-bbd19fc elementor-widget elementor-widget-menu-anchor\" data-id=\"bbd19fc\" data-element_type=\"widget\" data-widget_type=\"menu-anchor.default\">\n\t\t\t\t<div class=\"elementor-widget-container\">\n\t\t\t\t\t\t\t<div class=\"elementor-menu-anchor\" id=\"serviciosnyumba\"><\/div>\n\t\t\t\t\t\t<\/div>\n\t\t\t\t<\/div>\n\t\t\t\t<div class=\"elementor-element elementor-element-9793f40 elementor-widget elementor-widget-text-editor\" data-id=\"9793f40\" data-element_type=\"widget\" data-widget_type=\"text-editor.default\">\n\t\t\t\t<div class=\"elementor-widget-container\">\n\t\t\t\t\t\t\t\t\t<p>Servicios en cada Nyumba<\/p>\t\t\t\t\t\t\t\t<\/div>\n\t\t\t\t<\/div>\n\t\t\t\t<div class=\"elementor-element elementor-element-8ca62b4 elementor-widget elementor-widget-text-editor\" data-id=\"8ca62b4\" data-element_type=\"widget\" data-widget_type=\"text-editor.default\">\n\t\t\t\t<div class=\"elementor-widget-container\">\n\t\t\t\t\t\t\t\t\t<p>\u2022 Caja Fuerte<br \/>\u2022 Gel org\u00e1nico<br \/>\u2022 Champoo org\u00e1nico<br \/>\u2022 Crema Hidratante org\u00e1nica<br \/>\u2022 Jab\u00f3n de manos<br \/>\u2022 Secador<br \/>\u2022 Espejo de aumento y de mural<br \/>\u2022 Abundantes perchas<br \/>\u2022 Enchufes para cargar tus equipos<br \/>\u2022 Minibar<br \/>\u2022 Insecticida<br \/>\u2022 Repelente de insectos<br \/>\u2022 Mosquiteras tratadas en todas las camas<br \/>\u2022 Kikoy de regalo para que te lo lleves como recuerdo<br \/>\u2022 Toallas<br \/>\u2022 Albornoz<br \/>\u2022 Chanclas<\/p>\t\t\t\t\t\t\t\t<\/div>\n\t\t\t\t<\/div>\n\t\t\t\t\t<\/div>\n\t\t<\/div>\n\t\t\t\t\t<\/div>\n\t\t<\/section>\n\t\t\t\t<section class=\"elementor-section elementor-top-section elementor-element elementor-element-1d9bb8c elementor-section-boxed elementor-section-height-default elementor-section-height-default\" data-id=\"1d9bb8c\" data-element_type=\"section\">\n\t\t\t\t\t\t<div class=\"elementor-container elementor-column-gap-default\">\n\t\t\t\t\t<div class=\"elementor-column elementor-col-100 elementor-top-column elementor-element elementor-element-0bec51b\" data-id=\"0bec51b\" data-element_type=\"column\">\n\t\t\t<div class=\"elementor-widget-wrap elementor-element-populated\">\n\t\t\t\t\t\t<div class=\"elementor-element elementor-element-53615a8 elementor-widget elementor-widget-menu-anchor\" data-id=\"53615a8\" data-element_type=\"widget\" data-widget_type=\"menu-anchor.default\">\n\t\t\t\t<div class=\"elementor-widget-container\">\n\t\t\t\t\t\t\t<div class=\"elementor-menu-anchor\" id=\"serviciosgeneral\"><\/div>\n\t\t\t\t\t\t<\/div>\n\t\t\t\t<\/div>\n\t\t\t\t<div class=\"elementor-element elementor-element-82b5494 elementor-widget elementor-widget-text-editor\" data-id=\"82b5494\" data-element_type=\"widget\" data-widget_type=\"text-editor.default\">\n\t\t\t\t<div class=\"elementor-widget-container\">\n\t\t\t\t\t\t\t\t\t<p>Servicios Generales<\/p>\t\t\t\t\t\t\t\t<\/div>\n\t\t\t\t<\/div>\n\t\t\t\t<div class=\"elementor-element elementor-element-62f8a07 elementor-widget elementor-widget-text-editor\" data-id=\"62f8a07\" data-element_type=\"widget\" data-widget_type=\"text-editor.default\">\n\t\t\t\t<div class=\"elementor-widget-container\">\n\t\t\t\t\t\t\t\t\t<p>\u2022 Tatuajes tradicionales de Hena<br \/>\u2022 Cena al aire libre<br \/>\u2022 Servicio de Habitaciones<br \/>\u2022 Express Check in\/ Check out<br \/>\u2022 Lavander\u00eda incluida<br \/>\u2022 Bar<br \/>\u2022 Chef privado reservando toda la casa<br \/>\u2022 Bebida de bienvenida<br \/>\u2022 Desayuno o cena en la veranda<br \/>\u2022 Barbacoa<\/p>\t\t\t\t\t\t\t\t<\/div>\n\t\t\t\t<\/div>\n\t\t\t\t\t<\/div>\n\t\t<\/div>\n\t\t\t\t\t<\/div>\n\t\t<\/section>\n\t\t\t\t<section class=\"elementor-section elementor-top-section elementor-element elementor-element-54b7f70 elementor-section-boxed elementor-section-height-default elementor-section-height-default\" data-id=\"54b7f70\" data-element_type=\"section\">\n\t\t\t\t\t\t<div class=\"elementor-container elementor-column-gap-default\">\n\t\t\t\t\t<div class=\"elementor-column elementor-col-100 elementor-top-column elementor-element elementor-element-2003c58\" data-id=\"2003c58\" data-element_type=\"column\">\n\t\t\t<div class=\"elementor-widget-wrap elementor-element-populated\">\n\t\t\t\t\t\t<div class=\"elementor-element elementor-element-cf57fb7 elementor-widget elementor-widget-menu-anchor\" data-id=\"cf57fb7\" data-element_type=\"widget\" data-widget_type=\"menu-anchor.default\">\n\t\t\t\t<div class=\"elementor-widget-container\">\n\t\t\t\t\t\t\t<div class=\"elementor-menu-anchor\" id=\"actividades\"><\/div>\n\t\t\t\t\t\t<\/div>\n\t\t\t\t<\/div>\n\t\t\t\t<div class=\"elementor-element elementor-element-e5994e1 elementor-widget elementor-widget-text-editor\" data-id=\"e5994e1\" data-element_type=\"widget\" data-widget_type=\"text-editor.default\">\n\t\t\t\t<div class=\"elementor-widget-container\">\n\t\t\t\t\t\t\t\t\t<p>Actividades<\/p>\t\t\t\t\t\t\t\t<\/div>\n\t\t\t\t<\/div>\n\t\t\t\t<div class=\"elementor-element elementor-element-3436723 elementor-widget elementor-widget-text-editor\" data-id=\"3436723\" data-element_type=\"widget\" data-widget_type=\"text-editor.default\">\n\t\t\t\t<div class=\"elementor-widget-container\">\n\t\t\t\t\t\t\t\t\t<p>Actividades (Algunas con coste adicional)<\/p><p>\u2022 Visita ong Anidan, orfanato y hospital.<br \/>\u2022 Visita a la aldea de Matandoni.<br \/>\u2022 Visitas en dhow tradicional a playas remotas.<\/p><p>\u2022 Snorkeling<br \/>\u2022 Deportes de agua<br \/>\u2022 Clases de Cocina swahili<br \/>\u2022 Pesca tradicional<br \/>\u2022 Gastronom\u00eda<br \/>\u2022 Tour Locales<br \/>\u2022 Fotograf\u00eda<br \/>\u2022 Compras en Lamu Town<br \/>\u2022 Festival Cultural<br \/>\u2022 Visitas en Lancha r\u00e1pida a Lamu, Shela y Manda<br \/>\u2022 Ruinas de Takwa<br \/>\u2022 Excursi\u00f3n de 1 d\u00eda comiendo en el barco la pesca del d\u00eda<br \/>\u2022 Puestas de sol en distintos emplazamientos o desde el mar<br \/>\u2022 Desayuno al amanecer en la playa<br \/>\u2022 Comidas y Cenas en el comedor, Boma, Playa, Bosque o Piscina<br \/>\u2022 Vuelos panor\u00e1micos<br \/>\u2022 Jambi y Construcci\u00f3n de Dhows<br \/>\u2022 Tambores<br \/>\u2022 Bailes<br \/>\u2022 M\u00fasica<br \/>\u2022 Clases de Kiswahili (idioma de los swahilis)<br \/>\u2022 Puestas de sol, contemplaci\u00f3n de estrellas y luna.<\/p><p>Dado que las avionetas llegan a medio d\u00eda y se van a medio d\u00eda, si tu estancia es de cierto n\u00famero de noches, lo que puedes hacer en el hotel es:<\/p><p>\u2022 Una Noche, toma de contacto, comida, visita a Lamu, puesta de sol y cena o relajarte en la casa.<br \/>\u2022 Dos noches, toma de contacto, comida, visita a Lamu, puesta de sol y cena, visita a Manda, Shela o Anidan o relajarte en la casa.<br \/>\u2022 Tres noches, visita a las ruinas de Takwa o otras excursiones.<br \/>\u2022 Cuatro noches, adem\u00e1s vuelta a la isla visitando Kipungani y Matandoni.<br \/>\u2022 Cinco, s\u00e9is, siete\u2026 Todo el relax o excursiones que quieras.<\/p>\t\t\t\t\t\t\t\t<\/div>\n\t\t\t\t<\/div>\n\t\t\t\t\t<\/div>\n\t\t<\/div>\n\t\t\t\t\t<\/div>\n\t\t<\/section>\n\t\t\t\t<section class=\"elementor-section elementor-top-section elementor-element elementor-element-480c922 elementor-section-boxed elementor-section-height-default elementor-section-height-default\" data-id=\"480c922\" data-element_type=\"section\">\n\t\t\t\t\t\t<div class=\"elementor-container elementor-column-gap-default\">\n\t\t\t\t\t<div class=\"elementor-column elementor-col-100 elementor-top-column elementor-element elementor-element-bc2f3f3\" data-id=\"bc2f3f3\" data-element_type=\"column\">\n\t\t\t<div class=\"elementor-widget-wrap elementor-element-populated\">\n\t\t\t\t\t\t<div class=\"elementor-element elementor-element-c45c086 elementor-widget elementor-widget-menu-anchor\" data-id=\"c45c086\" data-element_type=\"widget\" data-widget_type=\"menu-anchor.default\">\n\t\t\t\t<div class=\"elementor-widget-container\">\n\t\t\t\t\t\t\t<div class=\"elementor-menu-anchor\" id=\"tarifas\"><\/div>\n\t\t\t\t\t\t<\/div>\n\t\t\t\t<\/div>\n\t\t\t\t<div class=\"elementor-element elementor-element-cfa54f6 elementor-widget elementor-widget-text-editor\" data-id=\"cfa54f6\" data-element_type=\"widget\" data-widget_type=\"text-editor.default\">\n\t\t\t\t<div class=\"elementor-widget-container\">\n\t\t\t\t\t\t\t\t\t<p>Tarifas<\/p>\t\t\t\t\t\t\t\t<\/div>\n\t\t\t\t<\/div>\n\t\t\t\t<div class=\"elementor-element elementor-element-5c19b2f elementor-widget elementor-widget-image\" data-id=\"5c19b2f\" data-element_type=\"widget\" data-widget_type=\"image.default\">\n\t\t\t\t<div class=\"elementor-widget-container\">\n\t\t\t\t\t\t\t\t\t\t\t\t\t\t\t<img fetchpriority=\"high\" decoding=\"async\" width=\"800\" height=\"566\" src=\"https:\/\/www.theredpepperhouse.com\/es\/wp-content\/uploads\/2023\/05\/utf-8TARIFAS2DespanCC83ol202023_page-0001-1024x725.jpg\" class=\"attachment-large size-large wp-image-385\" alt=\"\" srcset=\"https:\/\/www.theredpepperhouse.com\/es\/wp-content\/uploads\/2023\/05\/utf-8TARIFAS2DespanCC83ol202023_page-0001-1024x725.jpg 1024w, https:\/\/www.theredpepperhouse.com\/es\/wp-content\/uploads\/2023\/05\/utf-8TARIFAS2DespanCC83ol202023_page-0001-300x212.jpg 300w, https:\/\/www.theredpepperhouse.com\/es\/wp-content\/uploads\/2023\/05\/utf-8TARIFAS2DespanCC83ol202023_page-0001-768x543.jpg 768w, https:\/\/www.theredpepperhouse.com\/es\/wp-content\/uploads\/2023\/05\/utf-8TARIFAS2DespanCC83ol202023_page-0001-1536x1087.jpg 1536w, https:\/\/www.theredpepperhouse.com\/es\/wp-content\/uploads\/2023\/05\/utf-8TARIFAS2DespanCC83ol202023_page-0001.jpg 1754w\" sizes=\"(max-width: 800px) 100vw, 800px\" \/>\t\t\t\t\t\t\t\t\t\t\t\t\t\t\t<\/div>\n\t\t\t\t<\/div>\n\t\t\t\t<div class=\"elementor-element elementor-element-2013005 elementor-widget elementor-widget-text-editor\" data-id=\"2013005\" data-element_type=\"widget\" data-widget_type=\"text-editor.default\">\n\t\t\t\t<div class=\"elementor-widget-container\">\n\t\t\t\t\t\t\t\t\t<p>Residentes en Kenia, por favor contactar con<br \/><span style=\"color: #f48586;\"><a style=\"color: #f48586;\" href=\"mailto:enquiries@theredpepperhouse.com\">enquiries@theredpepperhouse.com<\/a><\/span><br \/>tel . +254 (0) 721230521<\/p>\t\t\t\t\t\t\t\t<\/div>\n\t\t\t\t<\/div>\n\t\t\t\t\t<\/div>\n\t\t<\/div>\n\t\t\t\t\t<\/div>\n\t\t<\/section>\n\t\t\t\t<section class=\"elementor-section elementor-top-section elementor-element elementor-element-a2a28cc elementor-section-boxed elementor-section-height-default elementor-section-height-default\" data-id=\"a2a28cc\" data-element_type=\"section\">\n\t\t\t\t\t\t<div class=\"elementor-container elementor-column-gap-default\">\n\t\t\t\t\t<div class=\"elementor-column elementor-col-100 elementor-top-column elementor-element elementor-element-2a8dd87\" data-id=\"2a8dd87\" data-element_type=\"column\">\n\t\t\t<div class=\"elementor-widget-wrap elementor-element-populated\">\n\t\t\t\t\t\t<div class=\"elementor-element elementor-element-c2d165f elementor-widget elementor-widget-spacer\" data-id=\"c2d165f\" data-element_type=\"widget\" data-widget_type=\"spacer.default\">\n\t\t\t\t<div class=\"elementor-widget-container\">\n\t\t\t\t\t\t\t<div class=\"elementor-spacer\">\n\t\t\t<div class=\"elementor-spacer-inner\"><\/div>\n\t\t<\/div>\n\t\t\t\t\t\t<\/div>\n\t\t\t\t<\/div>\n\t\t\t\t\t<\/div>\n\t\t<\/div>\n\t\t\t\t\t<\/div>\n\t\t<\/section>\n\t\t\t\t<\/div>\n\t\t","protected":false},"excerpt":{"rendered":"<p>\u00abServicios y Tarifas\u00bb Instalaciones * Zona de Comedor * Zona de Bar * Zona de Estar * Piscina con servicio de bar todo el d\u00eda * Biblioteca con variedad de novelas, revistas y juegos * Instalaci\u00f3n de luz solar Servicios en cada Nyumba \u2022 Caja Fuerte\u2022 Gel org\u00e1nico\u2022 Champoo org\u00e1nico\u2022 Crema Hidratante org\u00e1nica\u2022 Jab\u00f3n de [&hellip;]<\/p>\n","protected":false},"author":1,"featured_media":0,"parent":0,"menu_order":0,"comment_status":"closed","ping_status":"closed","template":"elementor_header_footer","meta":{"footnotes":""},"class_list":["post-49","page","type-page","status-publish","hentry"],"_links":{"self":[{"href":"https:\/\/www.theredpepperhouse.com\/es\/wp-json\/wp\/v2\/pages\/49","targetHints":{"allow":["GET"]}}],"collection":[{"href":"https:\/\/www.theredpepperhouse.com\/es\/wp-json\/wp\/v2\/pages"}],"about":[{"href":"https:\/\/www.theredpepperhouse.com\/es\/wp-json\/wp\/v2\/types\/page"}],"author":[{"embeddable":true,"href":"https:\/\/www.theredpepperhouse.com\/es\/wp-json\/wp\/v2\/users\/1"}],"replies":[{"embeddable":true,"href":"https:\/\/www.theredpepperhouse.com\/es\/wp-json\/wp\/v2\/comments?post=49"}],"version-history":[{"count":7,"href":"https:\/\/www.theredpepperhouse.com\/es\/wp-json\/wp\/v2\/pages\/49\/revisions"}],"predecessor-version":[{"id":391,"href":"https:\/\/www.theredpepperhouse.com\/es\/wp-json\/wp\/v2\/pages\/49\/revisions\/391"}],"wp:attachment":[{"href":"https:\/\/www.theredpepperhouse.com\/es\/wp-json\/wp\/v2\/media?parent=49"}],"curies":[{"name":"wp","href":"https:\/\/api.w.org\/{rel}","templated":true}]}}